{"id":28,"date":"2013-01-15T19:59:30","date_gmt":"2013-01-15T21:59:30","guid":{"rendered":"http:\/\/kiko7.com.br\/blog\/?page_id=28"},"modified":"2021-05-03T12:39:44","modified_gmt":"2021-05-03T15:39:44","slug":"sobre","status":"publish","type":"page","link":"https:\/\/kiko7.com.br\/blog\/sobre\/","title":{"rendered":"Sobre"},"content":{"rendered":"<p>A Kiko 7 Produ\u00e7\u00f5es foi aberta para fornecer uma solu\u00e7\u00e3o art\u00edstica digital para o seu neg\u00f3cio! Anima\u00e7\u00e3o, v\u00eddeo, ilustra\u00e7\u00e3o e muito mais!<\/p>\n<p>Kiko 7 \u00e9 o nome art\u00edstico adotado pelo Murilo &#8211; confira no v\u00eddeo abaixo o porqu\u00ea da escolha deste nome!<\/p>\n<p><iframe title=\"O porqu\u00ea do nome Kiko 7\" width=\"777\" height=\"583\" src=\"https:\/\/www.youtube.com\/embed\/PMjk-YasWDk?feature=oembed\" frameborder=\"0\" allow=\"accelerometer; autoplay; clipboard-write; encrypted-media; gyroscope; picture-in-picture; web-share\" referrerpolicy=\"strict-origin-when-cross-origin\" allowfullscreen><\/iframe><\/p>\n<p>Neste site encontrar\u00e1 alguns trabalhos, sejam profissionais, acad\u00eamicos, ou mesmo projetos pessoais. Servem de exemplos do que pode ser produzido para atender a necessidade da sua empresa.<\/p>\n<p>Acompanhe nas redes sociais:<\/p>\n<p><a href=\"http:\/\/www.youtube.com\/kiko7arte\" target=\"_blank\" rel=\"noopener noreferrer\">Canal Kiko 7 Arte<\/a>\u00a0&#8211; V\u00eddeos produzidos por Kiko 7<\/p>\n<p><a href=\"http:\/\/www.flickr.com\/photos\/kiko7\" target=\"_blank\" rel=\"noopener noreferrer\">Galeria de Kiko 7<\/a>\u00a0&#8211; Imagens produzidas por Kiko 7<\/p>\n","protected":false},"excerpt":{"rendered":"<p>A Kiko 7 Produ\u00e7\u00f5es foi aberta para fornecer uma solu\u00e7\u00e3o art\u00edstica digital para o seu neg\u00f3cio! Anima\u00e7\u00e3o, v\u00eddeo, ilustra\u00e7\u00e3o e muito mais! Kiko 7 \u00e9 o nome art\u00edstico adotado pelo Murilo &#8211; confira no v\u00eddeo abaixo o porqu\u00ea da escolha deste nome! Neste site encontrar\u00e1 alguns trabalhos, sejam profissionais, acad\u00eamicos, &hellip;<\/p>\n","protected":false},"author":2,"featured_media":0,"parent":0,"menu_order":0,"comment_status":"open","ping_status":"open","template":"","meta":{"jetpack_post_was_ever_published":false,"rating_form_position":"","rating_results_position":"","mr_structured_data_type":"","footnotes":""},"class_list":["post-28","page","type-page","status-publish","hentry"],"multi-rating":{"mr_rating_results":[{"adjusted_star_result":0,"star_result":0,"total_max_option_value":5,"adjusted_score_result":0,"score_result":0,"percentage_result":0,"adjusted_percentage_result":0,"count":0,"post_id":28}]},"jetpack_sharing_enabled":true,"jetpack_shortlink":"https:\/\/wp.me\/P3ctue-s","jetpack_likes_enabled":true,"_links":{"self":[{"href":"https:\/\/kiko7.com.br\/blog\/wp-json\/wp\/v2\/pages\/28","targetHints":{"allow":["GET"]}}],"collection":[{"href":"https:\/\/kiko7.com.br\/blog\/wp-json\/wp\/v2\/pages"}],"about":[{"href":"https:\/\/kiko7.com.br\/blog\/wp-json\/wp\/v2\/types\/page"}],"author":[{"embeddable":true,"href":"https:\/\/kiko7.com.br\/blog\/wp-json\/wp\/v2\/users\/2"}],"replies":[{"embeddable":true,"href":"https:\/\/kiko7.com.br\/blog\/wp-json\/wp\/v2\/comments?post=28"}],"version-history":[{"count":14,"href":"https:\/\/kiko7.com.br\/blog\/wp-json\/wp\/v2\/pages\/28\/revisions"}],"predecessor-version":[{"id":1403,"href":"https:\/\/kiko7.com.br\/blog\/wp-json\/wp\/v2\/pages\/28\/revisions\/1403"}],"wp:attachment":[{"href":"https:\/\/kiko7.com.br\/blog\/wp-json\/wp\/v2\/media?parent=28"}],"curies":[{"name":"wp","href":"https:\/\/api.w.org\/{rel}","templated":true}]}}