{"id":30,"date":"2013-01-15T20:02:14","date_gmt":"2013-01-15T22:02:14","guid":{"rendered":"http:\/\/kiko7.com.br\/blog\/?page_id=30"},"modified":"2019-11-25T21:16:58","modified_gmt":"2019-11-26T00:16:58","slug":"contato","status":"publish","type":"page","link":"https:\/\/kiko7.com.br\/blog\/contato\/","title":{"rendered":"Contato"},"content":{"rendered":"<p>Email: <a href=\"mailto:contato@kiko7.com.br\">contato@kiko7.com.br<\/a><\/p>\n<p>Celular\/WhatsApp (11) 960841536.<\/p>\n<p>Se preferir deixe uma mensagem abaixo &#8211; aguardamos pedidos de servi\u00e7os, cr\u00edticas, elogios e\u00a0sugest\u00f5es.<\/p>\n<div data-test='contact-form'\n\t\t\tid='contact-form-30'\n\t\t\tclass='wp-block-jetpack-contact-form-container '\n\t\t\tdata-wp-interactive='jetpack\/form' data-wp-context='{\"formId\":\"30\",\"formHash\":\"67d63fb45bdaf2939016258624586867759a3745\",\"showErrors\":false,\"errors\":[],\"fields\":[],\"isMultiStep\":false,\"useAjax\":true,\"submissionData\":null,\"formattedSubmissionData\":[],\"submissionSuccess\":false,\"submissionError\":null,\"elementId\":\"jp-form-67d63fb45bdaf2939016258624586867759a3745\"}'\n\t\t\tdata-wp-watch--scroll-to-wrapper=\"callbacks.scrollToWrapper\"\n\t\t>\n<div class=\"contact-form-submission contact-form-ajax-submission\" data-wp-class--submission-success=\"context.submissionSuccess\"><p class=\"go-back-message\"><a class=\"link\" role=\"button\" tabindex=\"0\" data-wp-on--click=\"actions.goBack\" href=\"\/blog\/wp-json\/wp\/v2\/pages\/30\">Voltar<\/a><\/p><h4 id=\"contact-form-success-header\">Sua mensagem foi enviada<\/h4>\n\n<template data-wp-each--submission=\"context.formattedSubmissionData\">\n\t\t\t\t\t<div class=\"jetpack_forms_contact-form-success-summary\">\n\t\t\t\t\t\t<div class=\"field-name\" data-wp-text=\"context.submission.label\" data-wp-bind--hidden=\"!context.submission.label\"><\/div>\n\t\t\t\t\t\t<div class=\"field-value\" data-wp-text=\"context.submission.value\"><\/div>\n\t\t\t\t\t\t<div class=\"field-images\" data-wp-bind--hidden=\"!context.submission.images\">\n\t\t\t\t\t\t\t<template data-wp-each--image=\"context.submission.images\">\n\t\t\t\t\t\t\t\t<figure class=\"field-image\" data-wp-class--is-empty=\"!context.image\">\n\t\t\t\t\t\t\t\t\t<img data-wp-bind--src=\"context.image\" data-wp-bind--hidden=\"!context.image\" \/>\n\t\t\t\t\t\t\t\t\t<img decoding=\"async\" src=\"data:image\/gif;base64,R0lGODlhAQABAAD\/ACwAAAAAAQABAAACADs=\" data-wp-bind--hidden=\"context.image\" \/>\n\t\t\t\t\t\t\t\t<\/figure>\n\t\t\t\t\t\t\t<\/template>\n\t\t\t\t\t\t<\/div>\n\t\t\t\t\t<\/div>\n\t\t\t\t<\/template><\/div><form action='https:\/\/kiko7.com.br\/blog\/contato\/'\n\t\t\t\tid='jp-form-67d63fb45bdaf2939016258624586867759a3745'\n\t\t\t\tmethod='post'\n\t\t\t\tclass='contact-form commentsblock' aria-label=\"Contato\"\n\t\t\t\tdata-wp-on--submit=\"actions.onFormSubmit\"\n\t\t\t\tdata-wp-on--reset=\"actions.onFormReset\"\n\t\t\t\tdata-wp-class--submission-success=\"context.submissionSuccess\"\n\t\t\t\tdata-wp-class--is-first-step=\"state.isFirstStep\"\n\t\t\t\tdata-wp-class--is-last-step=\"state.isLastStep\"\n\t\t\t\tdata-wp-class--is-ajax-form=\"context.useAjax\"\n\t\t\t\tnovalidate >\n<input type='hidden' name='jetpack_contact_form_jwt' value='eyJ0eXAiOiJKV1QiLCJhbGciOiJIUzI1NiJ9.eyJhdHRyaWJ1dGVzIjp7InRvIjoiY29udGF0b0BraWtvNy5jb20uYnIiLCJzdWJqZWN0IjoiQ29udGF0byBwZWxvIHNpdGUga2lrbzcuY29tLmJyIiwic2hvd19zdWJqZWN0Ijoibm8iLCJ3aWRnZXQiOiIiLCJibG9ja190ZW1wbGF0ZSI6IiIsImJsb2NrX3RlbXBsYXRlX3BhcnQiOiIiLCJpZCI6IjMwIiwic3VibWl0X2J1dHRvbl90ZXh0IjoiRW52aWFyIiwiY3VzdG9tVGhhbmt5b3UiOiIiLCJjdXN0b21UaGFua3lvdUhlYWRpbmciOiJTdWEgbWVuc2FnZW0gZm9pIGVudmlhZGEiLCJjdXN0b21UaGFua3lvdU1lc3NhZ2UiOiIiLCJjdXN0b21UaGFua3lvdVJlZGlyZWN0IjoiIiwiY29uZmlybWF0aW9uVHlwZSI6IiIsImpldHBhY2tDUk0iOiIxIiwibWFpbHBvZXQiOiIiLCJob3N0aW5nZXJSZWFjaCI6IiIsImNsYXNzTmFtZSI6IiIsInBvc3RUb1VybCI6IiIsInNhbGVzZm9yY2VEYXRhIjoiIiwiaGlkZGVuRmllbGRzIjoiIiwic3RlcFRyYW5zaXRpb24iOiJmYWRlLXNsaWRlIiwic2F2ZVJlc3BvbnNlcyI6InllcyIsImVtYWlsTm90aWZpY2F0aW9ucyI6InllcyIsIm5vdGlmaWNhdGlvblJlY2lwaWVudHMiOltdLCJkaXNhYmxlR29CYWNrIjoiIiwiZGlzYWJsZVN1bW1hcnkiOiIifSwiY29udGVudCI6Iltjb250YWN0LWZpZWxkIGxhYmVsPVwiTm9tZVwiIHR5cGU9XCJuYW1lXCIgcmVxdWlyZWQ9XCIxXCJdW2NvbnRhY3QtZmllbGQgbGFiZWw9XCJFbWFpbFwiIHR5cGU9XCJlbWFpbFwiIHJlcXVpcmVkPVwiMVwiXVtjb250YWN0LWZpZWxkIGxhYmVsPVwiVGVsZWZvbmVcL0NlbHVsYXJcIiB0eXBlPVwidGV4dFwiXVtjb250YWN0LWZpZWxkIGxhYmVsPVwiVGlwbyBkZSBBc3N1bnRvXCIgdHlwZT1cImNoZWNrYm94LW11bHRpcGxlXCIgb3B0aW9ucz1cIlNvbGljaXRhXHUwMGU3XHUwMGUzbyBkZSBTZXJ2aVx1MDBlN28sRWxvZ2lvLENyXHUwMGVkdGljYSxTdWdlc3RcdTAwZTNvXCJdW2NvbnRhY3QtZmllbGQgbGFiZWw9XCJDb21lbnRcdTAwZTFyaW9cIiB0eXBlPVwidGV4dGFyZWFcIiByZXF1aXJlZD1cIjFcIl0iLCJoYXNoIjoiNjdkNjNmYjQ1YmRhZjI5MzkwMTYyNTg2MjQ1ODY4Njc3NTlhMzc0NSIsInNvdXJjZSI6eyJlbnRyeV90aXRsZSI6IkNvbnRhdG8iLCJlbnRyeV9wYWdlIjoxLCJzb3VyY2VfaWQiOjMwLCJzb3VyY2VfdHlwZSI6InNpbmdsZSIsInJlcXVlc3RfdXJsIjoiaHR0cHM6XC9cL2tpa283LmNvbS5iclwvYmxvZ1wvd3AtanNvblwvd3BcL3YyXC9wYWdlc1wvMzAifX0.fUWYHU1luOuEGict5aGmFbttQZeI9a5EfzPpr-V2tBA' \/>\n\n<div style=\"\"  data-wp-interactive=\"jetpack\/form\" data-wp-context='{\"fieldId\":\"g30-nome\",\"fieldType\":\"name\",\"fieldLabel\":\"Nome\",\"fieldValue\":\"\",\"fieldPlaceholder\":\"\",\"fieldIsRequired\":\"1\",\"fieldErrorMessage\":\"\",\"fieldExtra\":[],\"formHash\":\"67d63fb45bdaf2939016258624586867759a3745\"}'  class='grunion-field-name-wrap grunion-field-wrap'  data-wp-init='callbacks.initializeField' data-wp-on--jetpack-form-reset='callbacks.initializeField' >\n<label\n\t\t\t\tfor='g30-nome' class=\"grunion-field-label name\" >Nome<span class=\"grunion-label-required\" aria-hidden=\"true\">(obrigat\u00f3rio)<\/span><\/label>\n<input\n\t\t\t\t\ttype='text'\n\t\t\t\t\tname='g30-nome'\n\t\t\t\t\tid='g30-nome'\n\t\t\t\t\tvalue=''\n\n\t\t\t\t\tdata-wp-bind--aria-invalid='state.fieldHasErrors'\n\t\t\t\t\tdata-wp-bind--value='state.getFieldValue'\n\t\t\t\t\taria-errormessage='g30-nome-text-error-message'\n\t\t\t\t\tdata-wp-on--input='actions.onFieldChange'\n\t\t\t\t\tdata-wp-on--blur='actions.onFieldBlur'\n\t\t\t\t\tdata-wp-class--has-value='state.hasFieldValue'\n\n\t\t\t\t\tclass='name  grunion-field' \n\t\t\t\t\trequired='true' aria-required='true'  \/>\n \n\t\t\t<div id=\"g30-nome-text-error\" class=\"contact-form__input-error\" data-wp-class--has-errors=\"state.fieldHasErrors\">\n\t\t\t\t<span class=\"contact-form__warning-icon\">\n\t\t\t\t\t<svg width=\"16\" height=\"16\" viewBox=\"0 0 16 16\" fill=\"none\" xmlns=\"http:\/\/www.w3.org\/2000\/svg\">\n\t\t\t\t\t\t<path d=\"M8.50015 11.6402H7.50015V10.6402H8.50015V11.6402Z\" \/>\n\t\t\t\t\t\t<path d=\"M7.50015 9.64018H8.50015V6.30684H7.50015V9.64018Z\" \/>\n\t\t\t\t\t\t<path fill-rule=\"evenodd\" clip-rule=\"evenodd\" d=\"M6.98331 3.0947C7.42933 2.30177 8.57096 2.30177 9.01698 3.09469L13.8771 11.7349C14.3145 12.5126 13.7525 13.4735 12.8602 13.4735H3.14004C2.24774 13.4735 1.68575 12.5126 2.12321 11.7349L6.98331 3.0947ZM8.14541 3.58496C8.08169 3.47168 7.9186 3.47168 7.85488 3.58496L2.99478 12.2251C2.93229 12.3362 3.01257 12.4735 3.14004 12.4735H12.8602C12.9877 12.4735 13.068 12.3362 13.0055 12.2251L8.14541 3.58496Z\" \/>\n\t\t\t\t\t<\/svg>\n\t\t\t\t\t<span class=\"visually-hidden\">Aviso<\/span>\n\t\t\t\t<\/span>\n\t\t\t\t<span data-wp-text=\"state.errorMessage\" id=\"g30-nome-text-error-message\"><\/span>\n\t\t\t<\/div> \n\t<\/div>\n\n<div style=\"\"  data-wp-interactive=\"jetpack\/form\" data-wp-context='{\"fieldId\":\"g30-email\",\"fieldType\":\"email\",\"fieldLabel\":\"Email\",\"fieldValue\":\"\",\"fieldPlaceholder\":\"\",\"fieldIsRequired\":\"1\",\"fieldErrorMessage\":\"\",\"fieldExtra\":[],\"formHash\":\"67d63fb45bdaf2939016258624586867759a3745\"}'  class='grunion-field-email-wrap grunion-field-wrap'  data-wp-init='callbacks.initializeField' data-wp-on--jetpack-form-reset='callbacks.initializeField' >\n<label\n\t\t\t\tfor='g30-email' class=\"grunion-field-label email\" >Email<span class=\"grunion-label-required\" aria-hidden=\"true\">(obrigat\u00f3rio)<\/span><\/label>\n<input\n\t\t\t\t\ttype='email'\n\t\t\t\t\tname='g30-email'\n\t\t\t\t\tid='g30-email'\n\t\t\t\t\tvalue=''\n\n\t\t\t\t\tdata-wp-bind--aria-invalid='state.fieldHasErrors'\n\t\t\t\t\tdata-wp-bind--value='state.getFieldValue'\n\t\t\t\t\taria-errormessage='g30-email-email-error-message'\n\t\t\t\t\tdata-wp-on--input='actions.onFieldChange'\n\t\t\t\t\tdata-wp-on--blur='actions.onFieldBlur'\n\t\t\t\t\tdata-wp-class--has-value='state.hasFieldValue'\n\n\t\t\t\t\tclass='email  grunion-field' \n\t\t\t\t\trequired='true' aria-required='true'  \/>\n \n\t\t\t<div id=\"g30-email-email-error\" class=\"contact-form__input-error\" data-wp-class--has-errors=\"state.fieldHasErrors\">\n\t\t\t\t<span class=\"contact-form__warning-icon\">\n\t\t\t\t\t<svg width=\"16\" height=\"16\" viewBox=\"0 0 16 16\" fill=\"none\" xmlns=\"http:\/\/www.w3.org\/2000\/svg\">\n\t\t\t\t\t\t<path d=\"M8.50015 11.6402H7.50015V10.6402H8.50015V11.6402Z\" \/>\n\t\t\t\t\t\t<path d=\"M7.50015 9.64018H8.50015V6.30684H7.50015V9.64018Z\" \/>\n\t\t\t\t\t\t<path fill-rule=\"evenodd\" clip-rule=\"evenodd\" d=\"M6.98331 3.0947C7.42933 2.30177 8.57096 2.30177 9.01698 3.09469L13.8771 11.7349C14.3145 12.5126 13.7525 13.4735 12.8602 13.4735H3.14004C2.24774 13.4735 1.68575 12.5126 2.12321 11.7349L6.98331 3.0947ZM8.14541 3.58496C8.08169 3.47168 7.9186 3.47168 7.85488 3.58496L2.99478 12.2251C2.93229 12.3362 3.01257 12.4735 3.14004 12.4735H12.8602C12.9877 12.4735 13.068 12.3362 13.0055 12.2251L8.14541 3.58496Z\" \/>\n\t\t\t\t\t<\/svg>\n\t\t\t\t\t<span class=\"visually-hidden\">Aviso<\/span>\n\t\t\t\t<\/span>\n\t\t\t\t<span data-wp-text=\"state.errorMessage\" id=\"g30-email-email-error-message\"><\/span>\n\t\t\t<\/div> \n\t<\/div>\n\n<div style=\"\"  data-wp-interactive=\"jetpack\/form\" data-wp-context='{\"fieldId\":\"g30-telefonecelular\",\"fieldType\":\"text\",\"fieldLabel\":\"Telefone\\\/Celular\",\"fieldValue\":\"\",\"fieldPlaceholder\":\"\",\"fieldIsRequired\":\"\",\"fieldErrorMessage\":\"\",\"fieldExtra\":[],\"formHash\":\"67d63fb45bdaf2939016258624586867759a3745\"}'  class='grunion-field-text-wrap grunion-field-wrap'  data-wp-init='callbacks.initializeField' data-wp-on--jetpack-form-reset='callbacks.initializeField' >\n<label\n\t\t\t\tfor='g30-telefonecelular' class=\"grunion-field-label text\" >Telefone\/Celular<\/label>\n<input\n\t\t\t\t\ttype='text'\n\t\t\t\t\tname='g30-telefonecelular'\n\t\t\t\t\tid='g30-telefonecelular'\n\t\t\t\t\tvalue=''\n\n\t\t\t\t\tdata-wp-bind--aria-invalid='state.fieldHasErrors'\n\t\t\t\t\tdata-wp-bind--value='state.getFieldValue'\n\t\t\t\t\taria-errormessage='g30-telefonecelular-text-error-message'\n\t\t\t\t\tdata-wp-on--input='actions.onFieldChange'\n\t\t\t\t\tdata-wp-on--blur='actions.onFieldBlur'\n\t\t\t\t\tdata-wp-class--has-value='state.hasFieldValue'\n\n\t\t\t\t\tclass='text  grunion-field' \n\t\t\t\t\t \/>\n \n\t\t\t<div id=\"g30-telefonecelular-text-error\" class=\"contact-form__input-error\" data-wp-class--has-errors=\"state.fieldHasErrors\">\n\t\t\t\t<span class=\"contact-form__warning-icon\">\n\t\t\t\t\t<svg width=\"16\" height=\"16\" viewBox=\"0 0 16 16\" fill=\"none\" xmlns=\"http:\/\/www.w3.org\/2000\/svg\">\n\t\t\t\t\t\t<path d=\"M8.50015 11.6402H7.50015V10.6402H8.50015V11.6402Z\" \/>\n\t\t\t\t\t\t<path d=\"M7.50015 9.64018H8.50015V6.30684H7.50015V9.64018Z\" \/>\n\t\t\t\t\t\t<path fill-rule=\"evenodd\" clip-rule=\"evenodd\" d=\"M6.98331 3.0947C7.42933 2.30177 8.57096 2.30177 9.01698 3.09469L13.8771 11.7349C14.3145 12.5126 13.7525 13.4735 12.8602 13.4735H3.14004C2.24774 13.4735 1.68575 12.5126 2.12321 11.7349L6.98331 3.0947ZM8.14541 3.58496C8.08169 3.47168 7.9186 3.47168 7.85488 3.58496L2.99478 12.2251C2.93229 12.3362 3.01257 12.4735 3.14004 12.4735H12.8602C12.9877 12.4735 13.068 12.3362 13.0055 12.2251L8.14541 3.58496Z\" \/>\n\t\t\t\t\t<\/svg>\n\t\t\t\t\t<span class=\"visually-hidden\">Aviso<\/span>\n\t\t\t\t<\/span>\n\t\t\t\t<span data-wp-text=\"state.errorMessage\" id=\"g30-telefonecelular-text-error-message\"><\/span>\n\t\t\t<\/div> \n\t<\/div>\n\n<div style=\"\"  data-wp-interactive=\"jetpack\/form\" data-wp-context='{\"fieldId\":\"g30-tipodeassunto\",\"fieldType\":\"checkbox-multiple\",\"fieldLabel\":\"Tipo de Assunto\",\"fieldValue\":\"\",\"fieldPlaceholder\":\"\",\"fieldIsRequired\":\"\",\"fieldErrorMessage\":\"\",\"fieldExtra\":[],\"formHash\":\"67d63fb45bdaf2939016258624586867759a3745\"}'  class='grunion-field-checkbox-multiple-wrap grunion-field-wrap'  data-wp-init='callbacks.initializeField' data-wp-on--jetpack-form-reset='callbacks.initializeField' >\n<fieldset id='g30-tipodeassunto-label' class='jetpack-field-multiple__fieldset' data-wp-bind--aria-invalid=\"state.fieldHasErrors\"><legend class=\"grunion-field-label\" ><span class=\"grunion-label-text\">Tipo de Assunto<\/span><\/legend>\n<div class='grunion-checkbox-multiple-options ' style='' ><p class='contact-form-field'><input\n\t\t\t\t\t\t\t\tid='g30-tipodeassunto-SolicitaodeServio'\n\t\t\t\t\t\t\t\tdata-wp-on--change='actions.onMultipleFieldChange'\n\t\t\t\t\t\t\t\ttype='checkbox'\n\t\t\t\t\t\t\t\tname='g30-tipodeassunto[]'\n\t\t\t\t\t\t\t\tvalue='Solicita\u00e7\u00e3o de Servi\u00e7o' class='checkbox-multiple  grunion-field'  \/> <label for='g30-tipodeassunto-SolicitaodeServio' style=\"\" class='grunion-checkbox-multiple-label checkbox-multiple'><span class='grunion-field-text'>Solicita\u00e7\u00e3o de Servi\u00e7o<\/span><\/label><\/p><p class='contact-form-field'><input\n\t\t\t\t\t\t\t\tid='g30-tipodeassunto-Elogio'\n\t\t\t\t\t\t\t\tdata-wp-on--change='actions.onMultipleFieldChange'\n\t\t\t\t\t\t\t\ttype='checkbox'\n\t\t\t\t\t\t\t\tname='g30-tipodeassunto[]'\n\t\t\t\t\t\t\t\tvalue='Elogio' class='checkbox-multiple  grunion-field'  \/> <label for='g30-tipodeassunto-Elogio' style=\"\" class='grunion-checkbox-multiple-label checkbox-multiple'><span class='grunion-field-text'>Elogio<\/span><\/label><\/p><p class='contact-form-field'><input\n\t\t\t\t\t\t\t\tid='g30-tipodeassunto-Crtica'\n\t\t\t\t\t\t\t\tdata-wp-on--change='actions.onMultipleFieldChange'\n\t\t\t\t\t\t\t\ttype='checkbox'\n\t\t\t\t\t\t\t\tname='g30-tipodeassunto[]'\n\t\t\t\t\t\t\t\tvalue='Cr\u00edtica' class='checkbox-multiple  grunion-field'  \/> <label for='g30-tipodeassunto-Crtica' style=\"\" class='grunion-checkbox-multiple-label checkbox-multiple'><span class='grunion-field-text'>Cr\u00edtica<\/span><\/label><\/p><p class='contact-form-field'><input\n\t\t\t\t\t\t\t\tid='g30-tipodeassunto-Sugesto'\n\t\t\t\t\t\t\t\tdata-wp-on--change='actions.onMultipleFieldChange'\n\t\t\t\t\t\t\t\ttype='checkbox'\n\t\t\t\t\t\t\t\tname='g30-tipodeassunto[]'\n\t\t\t\t\t\t\t\tvalue='Sugest\u00e3o' class='checkbox-multiple  grunion-field'  \/> <label for='g30-tipodeassunto-Sugesto' style=\"\" class='grunion-checkbox-multiple-label checkbox-multiple'><span class='grunion-field-text'>Sugest\u00e3o<\/span><\/label><\/p><\/div>\n\t\t\t<div id=\"g30-tipodeassunto-select-error\" class=\"contact-form__input-error\" data-wp-class--has-errors=\"state.fieldHasErrors\">\n\t\t\t\t<span class=\"contact-form__warning-icon\">\n\t\t\t\t\t<svg width=\"16\" height=\"16\" viewBox=\"0 0 16 16\" fill=\"none\" xmlns=\"http:\/\/www.w3.org\/2000\/svg\">\n\t\t\t\t\t\t<path d=\"M8.50015 11.6402H7.50015V10.6402H8.50015V11.6402Z\" \/>\n\t\t\t\t\t\t<path d=\"M7.50015 9.64018H8.50015V6.30684H7.50015V9.64018Z\" \/>\n\t\t\t\t\t\t<path fill-rule=\"evenodd\" clip-rule=\"evenodd\" d=\"M6.98331 3.0947C7.42933 2.30177 8.57096 2.30177 9.01698 3.09469L13.8771 11.7349C14.3145 12.5126 13.7525 13.4735 12.8602 13.4735H3.14004C2.24774 13.4735 1.68575 12.5126 2.12321 11.7349L6.98331 3.0947ZM8.14541 3.58496C8.08169 3.47168 7.9186 3.47168 7.85488 3.58496L2.99478 12.2251C2.93229 12.3362 3.01257 12.4735 3.14004 12.4735H12.8602C12.9877 12.4735 13.068 12.3362 13.0055 12.2251L8.14541 3.58496Z\" \/>\n\t\t\t\t\t<\/svg>\n\t\t\t\t\t<span class=\"visually-hidden\">Aviso<\/span>\n\t\t\t\t<\/span>\n\t\t\t\t<span data-wp-text=\"state.errorMessage\" id=\"g30-tipodeassunto-select-error-message\"><\/span>\n\t\t\t<\/div><\/fieldset>\t<\/div>\n\n<div style=\"\"  data-wp-interactive=\"jetpack\/form\" data-wp-context='{\"fieldId\":\"g30-comentrio\",\"fieldType\":\"textarea\",\"fieldLabel\":\"Coment\\u00e1rio\",\"fieldValue\":\"\",\"fieldPlaceholder\":\"\",\"fieldIsRequired\":\"1\",\"fieldErrorMessage\":\"\",\"fieldExtra\":[],\"formHash\":\"67d63fb45bdaf2939016258624586867759a3745\"}'  class='grunion-field-textarea-wrap grunion-field-wrap'  data-wp-init='callbacks.initializeField' data-wp-on--jetpack-form-reset='callbacks.initializeField' >\n<label\n\t\t\t\tfor='contact-form-comment-g30-comentrio' class=\"grunion-field-label textarea\" >Coment\u00e1rio<span class=\"grunion-label-required\" aria-hidden=\"true\">(obrigat\u00f3rio)<\/span><\/label>\n<textarea\n\t\t                style=''\n\t\t                name='g30-comentrio'\n\t\t                id='contact-form-comment-g30-comentrio'\n\t\t                rows='20'\n\t\t\t\t\t\tdata-wp-text='state.getFieldValue'\n\t\t\t\t\t\tdata-wp-on--input='actions.onFieldChange'\n\t\t\t\t\t\tdata-wp-on--blur='actions.onFieldBlur'\n\t\t\t\t\t\tdata-wp-class--has-value='state.hasFieldValue'\n\t\t\t\t\t\tdata-wp-bind--aria-invalid='state.fieldHasErrors'\n\t\t\t\t\t\taria-errormessage='g30-comentrio-textarea-error-message'\n\t\t\t\t\t\tclass='textarea  grunion-field'  required aria-required='true'><\/textarea>\n \n\t\t\t<div id=\"g30-comentrio-textarea-error\" class=\"contact-form__input-error\" data-wp-class--has-errors=\"state.fieldHasErrors\">\n\t\t\t\t<span class=\"contact-form__warning-icon\">\n\t\t\t\t\t<svg width=\"16\" height=\"16\" viewBox=\"0 0 16 16\" fill=\"none\" xmlns=\"http:\/\/www.w3.org\/2000\/svg\">\n\t\t\t\t\t\t<path d=\"M8.50015 11.6402H7.50015V10.6402H8.50015V11.6402Z\" \/>\n\t\t\t\t\t\t<path d=\"M7.50015 9.64018H8.50015V6.30684H7.50015V9.64018Z\" \/>\n\t\t\t\t\t\t<path fill-rule=\"evenodd\" clip-rule=\"evenodd\" d=\"M6.98331 3.0947C7.42933 2.30177 8.57096 2.30177 9.01698 3.09469L13.8771 11.7349C14.3145 12.5126 13.7525 13.4735 12.8602 13.4735H3.14004C2.24774 13.4735 1.68575 12.5126 2.12321 11.7349L6.98331 3.0947ZM8.14541 3.58496C8.08169 3.47168 7.9186 3.47168 7.85488 3.58496L2.99478 12.2251C2.93229 12.3362 3.01257 12.4735 3.14004 12.4735H12.8602C12.9877 12.4735 13.068 12.3362 13.0055 12.2251L8.14541 3.58496Z\" \/>\n\t\t\t\t\t<\/svg>\n\t\t\t\t\t<span class=\"visually-hidden\">Aviso<\/span>\n\t\t\t\t<\/span>\n\t\t\t\t<span data-wp-text=\"state.errorMessage\" id=\"g30-comentrio-textarea-error-message\"><\/span>\n\t\t\t<\/div>\n\t<\/div>\n\t<p class='contact-submit'>\n<div class=\"contact-form__error\" data-wp-class--show-errors=\"state.showFormErrors\"><span class=\"contact-form__warning-icon\"><span class=\"visually-hidden\">Aten\u00e7\u00e3o.<\/span><i aria-hidden=\"true\"><\/i><\/span>\n\t\t\t\t<span data-wp-text=\"state.getFormErrorMessage\"><\/span>\n\t\t\t\t<ul>\n\t\t\t\t<template data-wp-each=\"state.getErrorList\" data-wp-key=\"context.item.id\">\n\t\t\t\t\t<li><a data-wp-bind--href=\"context.item.anchor\" data-wp-on--click=\"actions.scrollIntoView\" data-wp-text=\"context.item.label\"><\/a><\/li>\n\t\t\t\t<\/template>\n\t\t\t\t<\/ul><\/div><div class=\"contact-form__error\" data-wp-class--show-errors=\"state.showSubmissionError\" data-wp-text=\"context.submissionError\"><\/div>\t\t<button type='submit' class='pushbutton-wide'>Enviar<\/button>\t\t<input type='hidden' name='contact-form-id' value='30' \/>\n\t\t<input type='hidden' name='action' value='grunion-contact-form' \/>\n\t\t<input type='hidden' name='contact-form-hash' value='67d63fb45bdaf2939016258624586867759a3745' \/>\n\t<\/p>\n<\/form>\n<\/div>\n","protected":false},"excerpt":{"rendered":"<p>Email: contato@kiko7.com.br Celular\/WhatsApp (11) 960841536. Se preferir deixe uma mensagem abaixo &#8211; aguardamos pedidos de servi\u00e7os, cr\u00edticas, elogios e\u00a0sugest\u00f5es.<\/p>\n","protected":false},"author":2,"featured_media":0,"parent":0,"menu_order":0,"comment_status":"open","ping_status":"open","template":"","meta":{"jetpack_post_was_ever_published":false,"rating_form_position":"","rating_results_position":"","mr_structured_data_type":"","footnotes":""},"class_list":["post-30","page","type-page","status-publish","hentry"],"multi-rating":{"mr_rating_results":[{"adjusted_star_result":0,"star_result":0,"total_max_option_value":5,"adjusted_score_result":0,"score_result":0,"percentage_result":0,"adjusted_percentage_result":0,"count":0,"post_id":30}]},"jetpack_sharing_enabled":true,"jetpack_shortlink":"https:\/\/wp.me\/P3ctue-u","jetpack_likes_enabled":true,"_links":{"self":[{"href":"https:\/\/kiko7.com.br\/blog\/wp-json\/wp\/v2\/pages\/30","targetHints":{"allow":["GET"]}}],"collection":[{"href":"https:\/\/kiko7.com.br\/blog\/wp-json\/wp\/v2\/pages"}],"about":[{"href":"https:\/\/kiko7.com.br\/blog\/wp-json\/wp\/v2\/types\/page"}],"author":[{"embeddable":true,"href":"https:\/\/kiko7.com.br\/blog\/wp-json\/wp\/v2\/users\/2"}],"replies":[{"embeddable":true,"href":"https:\/\/kiko7.com.br\/blog\/wp-json\/wp\/v2\/comments?post=30"}],"version-history":[{"count":8,"href":"https:\/\/kiko7.com.br\/blog\/wp-json\/wp\/v2\/pages\/30\/revisions"}],"predecessor-version":[{"id":1212,"href":"https:\/\/kiko7.com.br\/blog\/wp-json\/wp\/v2\/pages\/30\/revisions\/1212"}],"wp:attachment":[{"href":"https:\/\/kiko7.com.br\/blog\/wp-json\/wp\/v2\/media?parent=30"}],"curies":[{"name":"wp","href":"https:\/\/api.w.org\/{rel}","templated":true}]}}